{"id":43,"date":"2023-06-27T14:45:50","date_gmt":"2023-06-27T14:45:50","guid":{"rendered":"https:\/\/ticsa-ec.com\/?page_id=43"},"modified":"2024-06-20T22:00:51","modified_gmt":"2024-06-20T22:00:51","slug":"sobre-nosotros","status":"publish","type":"page","link":"https:\/\/ticsa-ec.com\/index.php\/sobre-nosotros\/","title":{"rendered":"Sobre Nosotros"},"content":{"rendered":"\n<div class=\"wp-block-columns is-layout-flex wp-container-core-columns-is-layout-28f84493 wp-block-columns-is-layout-flex\">\n<div class=\"wp-block-column is-layout-flow wp-block-column-is-layout-flow\" style=\"flex-basis:100%\">\n<div class=\"wp-block-group alignwide is-layout-flow wp-block-group-is-layout-flow\">\n<div class=\"wp-block-columns is-layout-flex wp-container-core-columns-is-layout-13e2ef3f wp-block-columns-is-layout-flex\">\n<div class=\"wp-block-column is-layout-flow wp-block-column-is-layout-flow\">\n<div class=\"wp-block-group is-style-services-bg-hover has-border-color has-white-background-color has-background has-global-padding is-layout-constrained wp-container-core-group-is-layout-430a0e02 wp-block-group-is-layout-constrained\" style=\"border-color:#0d173b14;border-width:1px;border-radius:12px;padding-top:32px;padding-right:32px;padding-bottom:32px;padding-left:32px\">\n<figure class=\"wp-block-image size-full\"><img decoding=\"async\" src=\"https:\/\/ticsa-ec.com\/wp-content\/themes\/blockscape\/assets\/images\/services-two.jpg\" alt=\"\" class=\"wp-image-150\"\/><\/figure>\n\n\n\n<h3 class=\"wp-block-heading has-heading-color has-text-color has-medium-large-font-size\" style=\"margin-top:30px;margin-right:0;margin-bottom:0;margin-left:0;line-height:1.7\">MISION<\/h3>\n\n\n\n<p style=\"margin-top:16px;margin-right:0;margin-bottom:0px;margin-left:0;line-height:1.9\">Brindar soluciones log\u00eccas integrales que faciliten a nuestros clientes sus actividades de comercio exterior de una manera \u00e0gil, segura, puntual y confiable, a trav\u00e8s de muestra red mundial de oficinas estamos en capacidad de manjar proyectos especiales, mercancia peligrosas, carga suelta, contenerizada y sobredimensionada desde y hacia cualquier lugar del mundo buscando siempre el coplarnos a las necesidades log\u00ecsticas de nuestro cliente y con \u00e8ndasis en el mejoramiento continuo de procesos y recursos humanos.<\/p>\n<\/div>\n<\/div>\n\n\n\n<div class=\"wp-block-column is-layout-flow wp-block-column-is-layout-flow\">\n<div class=\"wp-block-group is-style-services-bg-hover has-border-color has-white-background-color has-background has-global-padding is-layout-constrained wp-container-core-group-is-layout-430a0e02 wp-block-group-is-layout-constrained\" style=\"border-color:#0d173b14;border-width:1px;border-radius:12px;padding-top:32px;padding-right:32px;padding-bottom:32px;padding-left:32px\">\n<figure class=\"wp-block-image size-full\"><img decoding=\"async\" src=\"https:\/\/ticsa-ec.com\/wp-content\/themes\/blockscape\/assets\/images\/services-one.jpg\" alt=\"\" class=\"wp-image-150\"\/><\/figure>\n\n\n\n<h3 class=\"wp-block-heading has-heading-color has-text-color has-medium-large-font-size\" style=\"margin-top:30px;margin-right:0;margin-bottom:0;margin-left:0;line-height:1.7\">VISION<\/h3>\n\n\n\n<p style=\"margin-top:16px;margin-right:0;margin-bottom:0px;margin-left:0;line-height:1.9\">Ser una empresa l\u00ecder, especializada en brindar soluciones log\u00ecsticas integrales para el manejo de carga a\u00e8rea, mar\u00ectima y proyectos puerta a puerta, creemos en la excelencia en el servicio, el mejormaiento continuo y la aplicaci\u00f2n de las mejores pr\u00e0cticas de comercio internacional, con el esfuerzo y la participaci\u00f2n de nuestra gente comprometidos hacia nuestros clientes y el entorno en el que nos desenvolvemos llevando el lema de puntualidad, honestidad y tarifas competitivas en todos nuestros env\u00ecos. <\/p>\n<\/div>\n<\/div>\n<\/div>\n<\/div>\n<\/div>\n<\/div>\n\n\n\n<div style=\"height:13px\" aria-hidden=\"true\" class=\"wp-block-spacer\"><\/div>\n\n\n\n<div class=\"wp-block-group is-style-services-bg-hover has-border-color has-white-background-color has-background has-global-padding is-layout-constrained wp-container-core-group-is-layout-430a0e02 wp-block-group-is-layout-constrained\" style=\"border-color:#0d173b14;border-width:1px;border-radius:12px;padding-top:32px;padding-right:32px;padding-bottom:32px;padding-left:32px\">\n<figure class=\"wp-block-image size-full\"><img decoding=\"async\" src=\"https:\/\/ticsa-ec.com\/wp-content\/themes\/blockscape\/assets\/images\/services-lists-four.jpg\" alt=\"\" class=\"wp-image-150\"\/><\/figure>\n\n\n\n<h3 class=\"wp-block-heading has-heading-color has-text-color has-medium-large-font-size\" style=\"margin-top:30px;margin-right:0;margin-bottom:0;margin-left:0;line-height:1.7\">POL\u00ccTICAS DEL SEGURIDAD BASC<\/h3>\n\n\n\n<p style=\"margin-top:16px;margin-right:0;margin-bottom:0px;margin-left:0;line-height:1.9\">TICSA CARGO se compromete a establecer procesos transparentes alineados al cumplimiento de nuestros objetivos, gestionadno los riesgos y proponiendo planes de mejoramiento, enfocados en la prevenci\u00f2n de delitos de corrupci\u00f2n y soborno, lavado de activos, cumpliendo los requisitos legales y reglamentarios; garantizando la seguridad de nuestros clientes en la cadena log\u00ecstica. Impulsamos elementos de prevenci\u00f2n para evitar el abuso laboral, descriminaci\u00f2n, trabajo forzoso, trabajo infantil y otras violaciones de los derechos humanos. Favorecemos la compra y el uso de materiales reciclado y fomentamos la seguridad con el uso de tecnolog\u00ecas de la informaci\u00f2n.<\/p>\n<\/div>\n\n\n\n<div style=\"height:14px\" aria-hidden=\"true\" class=\"wp-block-spacer\"><\/div>\n\n\n\n<div class=\"wp-block-group is-style-services-bg-hover has-border-color has-white-background-color has-background has-global-padding is-layout-constrained wp-container-core-group-is-layout-430a0e02 wp-block-group-is-layout-constrained\" style=\"border-color:#0d173b14;border-width:1px;border-radius:12px;padding-top:32px;padding-right:32px;padding-bottom:32px;padding-left:32px\">\n<figure class=\"wp-block-image size-full\"><img decoding=\"async\" src=\"https:\/\/ticsa-ec.com\/wp-content\/themes\/blockscape\/assets\/images\/services-lists-four.jpg\" alt=\"\" class=\"wp-image-150\"\/><\/figure>\n\n\n\n<h3 class=\"wp-block-heading has-heading-color has-text-color has-medium-large-font-size\" style=\"margin-top:30px;margin-right:0;margin-bottom:0;margin-left:0;line-height:1.7\"><strong>ACUERDO DE COOPERACION<\/strong><\/h3>\n\n\n\n<p>Para Transporte Internacional Consolidado y Mar\u00edtimo de carga Gondrand S.A&nbsp; (Ticsa Cargo), los est\u00e1ndares de calidad y seguridad son asuntos importantes para desarrollar relaciones de confianza con sus asociados, donde compartimos valores y principios comunes como factores de \u00e9xito, dirigiendo nuestros negocios de una manera \u00e9tica. &nbsp;<\/p>\n\n\n\n<p>Para lograr ese objetivo conjunto, debemos cooperar para prevenir la materializaci\u00f3n de actos il\u00edcitos que est\u00e1n relacionados con el narcotr\u00e1fico, lavado de activos, terrorismo, corrupci\u00f3n y soborno, af\u00edn de fortalecer esta relaci\u00f3n comercial. Uno de los deberes como colaboradores, es apoyar nuestra Pol\u00edtica de Gesti\u00f3n, la misma que se encuentra adjunto a este documento, donde usted(es) declara tener conocimiento de su contenido.<\/p>\n\n\n\n<p>&nbsp;El reporte de actos a las autoridades y organismos de control, como; 1800 Drogas (376427), 1800 Delito (335486). Analizar de manera conjunta los mecanismos para un mejoramiento continuo, colaboraci\u00f3n y pr\u00e1cticas de experiencias, y as\u00ed; contribuir a la sociedad.<\/p>\n\n\n\n<p>El garantizar la confidencialidad de toda informaci\u00f3n producto de la relaci\u00f3n comercial a la que ustedes puedan acceder, esto incluye a sus colaboradores en la ejecuci\u00f3n de su actividad como proveedor \/ cliente.<\/p>\n<\/div>\n\n\n\n<div class=\"_df_book df-lite\" id=\"df_173\"  _slug=\"acuerdo-de-seguridad-y-confidencialidad\" data-title=\"acuerdo-de-seguridad-y-confidencialidad\" wpoptions=\"true\" thumbtype=\"\" ><\/div><script class=\"df-shortcode-script\" nowprocket type=\"application\/javascript\">window.option_df_173 = {\"outline\":[],\"autoEnableOutline\":\"false\",\"autoEnableThumbnail\":\"false\",\"overwritePDFOutline\":\"false\",\"direction\":\"1\",\"pageSize\":\"0\",\"source\":\"https:\\\/\\\/ticsa-ec.com\\\/wp-content\\\/uploads\\\/2023\\\/06\\\/4-ACUERDO-DE-SEGURIDAD-Y-CONFIDENCIALIDAD.pdf\",\"wpOptions\":\"true\"}; if(window.DFLIP && window.DFLIP.parseBooks){window.DFLIP.parseBooks();}<\/script>\n\n\n\n<div class=\"_df_book df-lite\" id=\"df_257\"  _slug=\"partes-interesadas\" data-title=\"partes-interesadas\" wpoptions=\"true\" thumbtype=\"\" ><\/div><script class=\"df-shortcode-script\" nowprocket type=\"application\/javascript\">window.option_df_257 = {\"outline\":[],\"autoEnableOutline\":\"false\",\"autoEnableThumbnail\":\"false\",\"overwritePDFOutline\":\"false\",\"direction\":\"1\",\"pageSize\":\"0\",\"source\":\"https:\\\/\\\/ticsa-ec.com\\\/wp-content\\\/uploads\\\/2023\\\/06\\\/PARTES-INTERESADAS.pdf\",\"wpOptions\":\"true\"}; if(window.DFLIP && window.DFLIP.parseBooks){window.DFLIP.parseBooks();}<\/script>\n\n\n\n<div class=\"_df_book df-lite\" id=\"df_269\"  _slug=\"politica-antisoborno\" data-title=\"politica-antisoborno\" wpoptions=\"true\" thumbtype=\"\" ><\/div><script class=\"df-shortcode-script\" nowprocket type=\"application\/javascript\">window.option_df_269 = {\"outline\":[],\"autoEnableOutline\":\"false\",\"autoEnableThumbnail\":\"false\",\"overwritePDFOutline\":\"false\",\"direction\":\"1\",\"pageSize\":\"0\",\"source\":\"https:\\\/\\\/ticsa-ec.com\\\/wp-content\\\/uploads\\\/2024\\\/06\\\/20240405-TICSA-Politica-Antisobornos.pdf\",\"wpOptions\":\"true\"}; if(window.DFLIP && window.DFLIP.parseBooks){window.DFLIP.parseBooks();}<\/script>\n","protected":false},"excerpt":{"rendered":"<p>MISION Brindar soluciones log\u00eccas integrales que faciliten a nuestros clientes sus actividades de comercio exterior de una manera \u00e0gil, segura, puntual y confiable, a trav\u00e8s de muestra red mundial de oficinas estamos en capacidad de manjar proyectos especiales, mercancia peligrosas, carga suelta, contenerizada y sobredimensionada desde y hacia cualquier lugar del mundo buscando siempre el [&hellip;]<\/p>\n","protected":false},"author":1,"featured_media":0,"parent":0,"menu_order":0,"comment_status":"closed","ping_status":"closed","template":"","meta":{"_joinchat":[],"footnotes":""},"class_list":["post-43","page","type-page","status-publish","hentry"],"_links":{"self":[{"href":"https:\/\/ticsa-ec.com\/index.php\/wp-json\/wp\/v2\/pages\/43","targetHints":{"allow":["GET"]}}],"collection":[{"href":"https:\/\/ticsa-ec.com\/index.php\/wp-json\/wp\/v2\/pages"}],"about":[{"href":"https:\/\/ticsa-ec.com\/index.php\/wp-json\/wp\/v2\/types\/page"}],"author":[{"embeddable":true,"href":"https:\/\/ticsa-ec.com\/index.php\/wp-json\/wp\/v2\/users\/1"}],"replies":[{"embeddable":true,"href":"https:\/\/ticsa-ec.com\/index.php\/wp-json\/wp\/v2\/comments?post=43"}],"version-history":[{"count":14,"href":"https:\/\/ticsa-ec.com\/index.php\/wp-json\/wp\/v2\/pages\/43\/revisions"}],"predecessor-version":[{"id":275,"href":"https:\/\/ticsa-ec.com\/index.php\/wp-json\/wp\/v2\/pages\/43\/revisions\/275"}],"wp:attachment":[{"href":"https:\/\/ticsa-ec.com\/index.php\/wp-json\/wp\/v2\/media?parent=43"}],"curies":[{"name":"wp","href":"https:\/\/api.w.org\/{rel}","templated":true}]}}