{"id":193,"date":"2023-06-28T20:25:44","date_gmt":"2023-06-28T20:25:44","guid":{"rendered":"https:\/\/ticsa-ec.com\/?page_id=193"},"modified":"2023-06-28T21:24:29","modified_gmt":"2023-06-28T21:24:29","slug":"nuestros-servicios","status":"publish","type":"page","link":"https:\/\/ticsa-ec.com\/index.php\/nuestros-servicios\/","title":{"rendered":"Nuestros Servicios"},"content":{"rendered":"\n<div class=\"alignnormal\"><div id=\"metaslider-id-202\" style=\"width: 100%;\" class=\"ml-slider-3-109-0 metaslider metaslider-flex metaslider-202 ml-slider has-dots-nav ms-theme-default\" role=\"region\" aria-label=\"Nueva presentaci\u00f3n de diapositivas\" data-height=\"300\" data-width=\"700\">\n    <div id=\"metaslider_container_202\">\n        <div id=\"metaslider_202\" class=\"flexslider\">\n            <ul class='slides'>\n                <li style=\"display: block; width: 100%;\" class=\"slide-220 ms-image \" aria-roledescription=\"slide\" data-date=\"2023-06-28 20:44:52\" data-filename=\"Carga_Avion.jpeg\" data-slide-type=\"image\"><img loading=\"lazy\" decoding=\"async\" src=\"https:\/\/ticsa-ec.com\/wp-content\/uploads\/2023\/06\/Carga_Avion.jpeg\" height=\"300\" width=\"700\" alt=\"\" class=\"slider-202 slide-220 msDefaultImage\" title=\"Carga_Avion\" \/><\/li>\n                <li style=\"display: none; width: 100%;\" class=\"slide-221 ms-image \" aria-roledescription=\"slide\" data-date=\"2023-06-28 20:44:52\" data-filename=\"Carga_Hequinos1.jpeg\" data-slide-type=\"image\"><img loading=\"lazy\" decoding=\"async\" src=\"https:\/\/ticsa-ec.com\/wp-content\/uploads\/2023\/06\/Carga_Hequinos1.jpeg\" height=\"300\" width=\"700\" alt=\"\" class=\"slider-202 slide-221 msDefaultImage\" title=\"Carga_Hequinos1\" \/><\/li>\n                <li style=\"display: none; width: 100%;\" class=\"slide-222 ms-image \" aria-roledescription=\"slide\" data-date=\"2023-06-28 20:44:52\" data-filename=\"Carga_Hequinos.jpeg\" data-slide-type=\"image\"><img loading=\"lazy\" decoding=\"async\" src=\"https:\/\/ticsa-ec.com\/wp-content\/uploads\/2023\/06\/Carga_Hequinos.jpeg\" height=\"300\" width=\"700\" alt=\"\" class=\"slider-202 slide-222 msDefaultImage\" title=\"Carga_Hequinos\" \/><\/li>\n                <li style=\"display: none; width: 100%;\" class=\"slide-223 ms-image \" aria-roledescription=\"slide\" data-date=\"2023-06-28 20:44:52\" data-filename=\"Carga_final_Equinos.jpg\" data-slide-type=\"image\"><img loading=\"lazy\" decoding=\"async\" src=\"https:\/\/ticsa-ec.com\/wp-content\/uploads\/2023\/06\/Carga_final_Equinos.jpg\" height=\"300\" width=\"700\" alt=\"\" class=\"slider-202 slide-223 msDefaultImage\" title=\"Carga_final_Equinos\" \/><\/li>\n                <li style=\"display: none; width: 100%;\" class=\"slide-224 ms-image \" aria-roledescription=\"slide\" data-date=\"2023-06-28 20:44:52\" data-filename=\"Carga_Camion-420x180.jpeg\" data-slide-type=\"image\"><img loading=\"lazy\" decoding=\"async\" src=\"https:\/\/ticsa-ec.com\/wp-content\/uploads\/2023\/06\/Carga_Camion-420x180.jpeg\" height=\"300\" width=\"700\" alt=\"\" class=\"slider-202 slide-224 msDefaultImage\" title=\"Carga_Camion\" \/><\/li>\n                <li style=\"display: none; width: 100%;\" class=\"slide-264 ms-image \" aria-roledescription=\"slide\" data-date=\"2023-06-30 20:51:59\" data-filename=\"montacarga.jpeg\" data-slide-type=\"image\"><img loading=\"lazy\" decoding=\"async\" src=\"https:\/\/ticsa-ec.com\/wp-content\/uploads\/2023\/06\/montacarga.jpeg\" height=\"300\" width=\"700\" alt=\"\" class=\"slider-202 slide-264 msDefaultImage\" title=\"montacarga\" \/><\/li>\n                <li style=\"display: none; width: 100%;\" class=\"slide-265 ms-image \" aria-roledescription=\"slide\" data-date=\"2023-06-30 20:51:59\" data-filename=\"montacargaycabezal.jpeg\" data-slide-type=\"image\"><img loading=\"lazy\" decoding=\"async\" src=\"https:\/\/ticsa-ec.com\/wp-content\/uploads\/2023\/06\/montacargaycabezal.jpeg\" height=\"300\" width=\"700\" alt=\"\" class=\"slider-202 slide-265 msDefaultImage\" title=\"montacargaycabezal\" \/><\/li>\n            <\/ul>\n        <\/div>\n        \n    <\/div>\n<\/div><\/div>\n\n\n\n<div class=\"wp-block-media-text alignwide is-stacked-on-mobile\"><figure class=\"wp-block-media-text__media\"><img loading=\"lazy\" decoding=\"async\" width=\"750\" height=\"405\" src=\"https:\/\/ticsa-ec.com\/wp-content\/uploads\/2023\/06\/transportacion-aerea-MCL.jpg\" alt=\"\" class=\"wp-image-229 size-full\" srcset=\"https:\/\/ticsa-ec.com\/wp-content\/uploads\/2023\/06\/transportacion-aerea-MCL.jpg 750w, https:\/\/ticsa-ec.com\/wp-content\/uploads\/2023\/06\/transportacion-aerea-MCL-300x162.jpg 300w\" sizes=\"auto, (max-width: 750px) 100vw, 750px\" \/><\/figure><div class=\"wp-block-media-text__content\">\n<p class=\"has-text-align-center\"><strong><mark style=\"background-color:rgba(0, 0, 0, 0)\" class=\"has-inline-color has-primary-color\"><em>Importaciones y Exportaciones (A\u00e9reo \u2013 Mar\u00edtimo)<\/em><\/mark><\/strong><\/p>\n<\/div><\/div>\n\n\n\n<div class=\"wp-block-media-text alignwide has-media-on-the-right is-stacked-on-mobile\"><div class=\"wp-block-media-text__content\">\n<p class=\"has-text-align-center\"><mark style=\"background-color:rgba(0, 0, 0, 0)\" class=\"has-inline-color has-primary-color\"><strong><em>Servicio puerta a puerta<\/em><\/strong><\/mark><\/p>\n<\/div><figure class=\"wp-block-media-text__media\"><img loading=\"lazy\" decoding=\"async\" width=\"671\" height=\"377\" src=\"https:\/\/ticsa-ec.com\/wp-content\/uploads\/2023\/06\/servicio_puerta_A_puerta.jpg\" alt=\"\" class=\"wp-image-230 size-full\" srcset=\"https:\/\/ticsa-ec.com\/wp-content\/uploads\/2023\/06\/servicio_puerta_A_puerta.jpg 671w, https:\/\/ticsa-ec.com\/wp-content\/uploads\/2023\/06\/servicio_puerta_A_puerta-300x169.jpg 300w\" sizes=\"auto, (max-width: 671px) 100vw, 671px\" \/><\/figure><\/div>\n\n\n\n<div class=\"wp-block-media-text alignwide is-stacked-on-mobile\"><figure class=\"wp-block-media-text__media\"><img loading=\"lazy\" decoding=\"async\" width=\"920\" height=\"540\" src=\"https:\/\/ticsa-ec.com\/wp-content\/uploads\/2023\/06\/Transporte-de-mercancias-peligrosas.jpg\" alt=\"\" class=\"wp-image-238 size-full\" srcset=\"https:\/\/ticsa-ec.com\/wp-content\/uploads\/2023\/06\/Transporte-de-mercancias-peligrosas.jpg 920w, https:\/\/ticsa-ec.com\/wp-content\/uploads\/2023\/06\/Transporte-de-mercancias-peligrosas-300x176.jpg 300w, https:\/\/ticsa-ec.com\/wp-content\/uploads\/2023\/06\/Transporte-de-mercancias-peligrosas-768x451.jpg 768w\" sizes=\"auto, (max-width: 920px) 100vw, 920px\" \/><\/figure><div class=\"wp-block-media-text__content\">\n<p class=\"has-text-align-center\"><strong><mark style=\"background-color:rgba(0, 0, 0, 0)\" class=\"has-inline-color has-primary-color\">Manejo y Transporte de mercanc\u00edas peligrosas<\/mark><\/strong><\/p>\n<\/div><\/div>\n\n\n\n<div class=\"wp-block-media-text alignwide has-media-on-the-right is-stacked-on-mobile\"><div class=\"wp-block-media-text__content\">\n<p class=\"has-text-align-center\"><strong><mark style=\"background-color:rgba(0, 0, 0, 0)\" class=\"has-inline-color has-primary-color\">Transporte de maquinaria, equipo pesado y carga en general<\/mark><\/strong><\/p>\n<\/div><figure class=\"wp-block-media-text__media\"><img loading=\"lazy\" decoding=\"async\" width=\"1024\" height=\"683\" src=\"https:\/\/ticsa-ec.com\/wp-content\/uploads\/2023\/06\/transporte-de-carga-pesada-moldtrans-1024x683.jpg\" alt=\"\" class=\"wp-image-239 size-full\" srcset=\"https:\/\/ticsa-ec.com\/wp-content\/uploads\/2023\/06\/transporte-de-carga-pesada-moldtrans-1024x683.jpg 1024w, https:\/\/ticsa-ec.com\/wp-content\/uploads\/2023\/06\/transporte-de-carga-pesada-moldtrans-300x200.jpg 300w, https:\/\/ticsa-ec.com\/wp-content\/uploads\/2023\/06\/transporte-de-carga-pesada-moldtrans-768x512.jpg 768w, https:\/\/ticsa-ec.com\/wp-content\/uploads\/2023\/06\/transporte-de-carga-pesada-moldtrans.jpg 1193w\" sizes=\"auto, (max-width: 1024px) 100vw, 1024px\" \/><\/figure><\/div>\n\n\n\n<div class=\"wp-block-media-text alignwide is-stacked-on-mobile\"><figure class=\"wp-block-media-text__media\"><img loading=\"lazy\" decoding=\"async\" width=\"1024\" height=\"683\" src=\"https:\/\/ticsa-ec.com\/wp-content\/uploads\/2023\/06\/avion-carga-3-1024x683.jpg\" alt=\"\" class=\"wp-image-241 size-full\" srcset=\"https:\/\/ticsa-ec.com\/wp-content\/uploads\/2023\/06\/avion-carga-3-1024x683.jpg 1024w, https:\/\/ticsa-ec.com\/wp-content\/uploads\/2023\/06\/avion-carga-3-300x200.jpg 300w, https:\/\/ticsa-ec.com\/wp-content\/uploads\/2023\/06\/avion-carga-3-768x512.jpg 768w, https:\/\/ticsa-ec.com\/wp-content\/uploads\/2023\/06\/avion-carga-3-1536x1025.jpg 1536w, https:\/\/ticsa-ec.com\/wp-content\/uploads\/2023\/06\/avion-carga-3.jpg 1920w\" sizes=\"auto, (max-width: 1024px) 100vw, 1024px\" \/><\/figure><div class=\"wp-block-media-text__content\">\n<p class=\"has-text-align-center\"><strong><mark style=\"background-color:rgba(0, 0, 0, 0)\" class=\"has-inline-color has-primary-color\">Manejo y Transporte de carga perecedera<\/mark><\/strong><\/p>\n<\/div><\/div>\n\n\n\n<div class=\"wp-block-media-text alignwide has-media-on-the-right is-stacked-on-mobile\"><div class=\"wp-block-media-text__content\">\n<p class=\"has-text-align-center\"><strong><mark style=\"background-color:rgba(0, 0, 0, 0)\" class=\"has-inline-color has-primary-color\">Servicio de Estibaje<\/mark><\/strong><\/p>\n<\/div><figure class=\"wp-block-media-text__media\"><img loading=\"lazy\" decoding=\"async\" width=\"700\" height=\"500\" src=\"https:\/\/ticsa-ec.com\/wp-content\/uploads\/2023\/06\/estibaje.jpeg\" alt=\"\" class=\"wp-image-243 size-full\" srcset=\"https:\/\/ticsa-ec.com\/wp-content\/uploads\/2023\/06\/estibaje.jpeg 700w, https:\/\/ticsa-ec.com\/wp-content\/uploads\/2023\/06\/estibaje-300x214.jpeg 300w\" sizes=\"auto, (max-width: 700px) 100vw, 700px\" \/><\/figure><\/div>\n\n\n\n<div class=\"wp-block-media-text alignwide is-stacked-on-mobile\"><figure class=\"wp-block-media-text__media\"><img loading=\"lazy\" decoding=\"async\" width=\"1024\" height=\"683\" src=\"https:\/\/ticsa-ec.com\/wp-content\/uploads\/2023\/06\/admin.jpg\" alt=\"\" class=\"wp-image-246 size-full\" srcset=\"https:\/\/ticsa-ec.com\/wp-content\/uploads\/2023\/06\/admin.jpg 1024w, https:\/\/ticsa-ec.com\/wp-content\/uploads\/2023\/06\/admin-300x200.jpg 300w, https:\/\/ticsa-ec.com\/wp-content\/uploads\/2023\/06\/admin-768x512.jpg 768w\" sizes=\"auto, (max-width: 1024px) 100vw, 1024px\" \/><\/figure><div class=\"wp-block-media-text__content\">\n<p><strong><mark style=\"background-color:rgba(0, 0, 0, 0)\" class=\"has-inline-color has-primary-color\">Asesor\u00eda en Comercio Exterior<\/mark><\/strong><\/p>\n\n\n\n<p><strong><mark style=\"background-color:rgba(0, 0, 0, 0)\" class=\"has-inline-color has-primary-color\">Tr\u00e1mites Aduanero<\/mark><\/strong><\/p>\n\n\n\n<p><strong><mark style=\"background-color:rgba(0, 0, 0, 0)\" class=\"has-inline-color has-primary-color\">Especialistas en Seguros Generales y T\u00e9cnicos<\/mark><\/strong><\/p>\n\n\n\n<p><strong><mark style=\"background-color:rgba(0, 0, 0, 0)\" class=\"has-inline-color has-primary-color\">Seguimientos y reportes de embarques<\/mark><\/strong><\/p>\n<\/div><\/div>\n","protected":false},"excerpt":{"rendered":"<p>Importaciones y Exportaciones (A\u00e9reo \u2013 Mar\u00edtimo) Servicio puerta a puerta Manejo y Transporte de mercanc\u00edas peligrosas Transporte de maquinaria, equipo pesado y carga en general Manejo y Transporte de carga perecedera Servicio de Estibaje Asesor\u00eda en Comercio Exterior Tr\u00e1mites Aduanero Especialistas en Seguros Generales y T\u00e9cnicos Seguimientos y reportes de embarques<\/p>\n","protected":false},"author":1,"featured_media":0,"parent":0,"menu_order":0,"comment_status":"closed","ping_status":"closed","template":"","meta":{"_joinchat":[],"footnotes":""},"class_list":["post-193","page","type-page","status-publish","hentry"],"_links":{"self":[{"href":"https:\/\/ticsa-ec.com\/index.php\/wp-json\/wp\/v2\/pages\/193","targetHints":{"allow":["GET"]}}],"collection":[{"href":"https:\/\/ticsa-ec.com\/index.php\/wp-json\/wp\/v2\/pages"}],"about":[{"href":"https:\/\/ticsa-ec.com\/index.php\/wp-json\/wp\/v2\/types\/page"}],"author":[{"embeddable":true,"href":"https:\/\/ticsa-ec.com\/index.php\/wp-json\/wp\/v2\/users\/1"}],"replies":[{"embeddable":true,"href":"https:\/\/ticsa-ec.com\/index.php\/wp-json\/wp\/v2\/comments?post=193"}],"version-history":[{"count":12,"href":"https:\/\/ticsa-ec.com\/index.php\/wp-json\/wp\/v2\/pages\/193\/revisions"}],"predecessor-version":[{"id":247,"href":"https:\/\/ticsa-ec.com\/index.php\/wp-json\/wp\/v2\/pages\/193\/revisions\/247"}],"wp:attachment":[{"href":"https:\/\/ticsa-ec.com\/index.php\/wp-json\/wp\/v2\/media?parent=193"}],"curies":[{"name":"wp","href":"https:\/\/api.w.org\/{rel}","templated":true}]}}